{"id":6,"date":"2019-11-22T17:10:18","date_gmt":"2019-11-22T16:10:18","guid":{"rendered":"http:\/\/www.rosemariewarzee.be\/new\/?page_id=6"},"modified":"2026-03-13T13:50:56","modified_gmt":"2026-03-13T12:50:56","slug":"biographie","status":"publish","type":"page","link":"https:\/\/www.rosemariewarzee.be\/new\/?page_id=6","title":{"rendered":"Biographie"},"content":{"rendered":"<p><a href=\"http:\/\/www.rosemariewarzee.be\/new\/wp-content\/uploads\/2013\/03\/ADW_6757-A.de-Wilde.jpg\"><img loading=\"lazy\" decoding=\"async\" class=\"wp-image-2251 \" src=\"http:\/\/www.rosemariewarzee.be\/new\/wp-content\/uploads\/2013\/03\/ADW_6757-A.de-Wilde-200x300.jpg\" alt=\"\" width=\"193\" height=\"290\" srcset=\"https:\/\/www.rosemariewarzee.be\/new\/wp-content\/uploads\/2013\/03\/ADW_6757-A.de-Wilde-200x300.jpg 200w, https:\/\/www.rosemariewarzee.be\/new\/wp-content\/uploads\/2013\/03\/ADW_6757-A.de-Wilde.jpg 355w\" sizes=\"auto, (max-width: 193px) 100vw, 193px\" \/><\/a><\/p>\n<p><strong>\u00a0Rose Marie Warz\u00e9e<\/strong><\/p>\n<p>Artiste plasticienne belge 1959\u00b0 dipl\u00f4m\u00e9e en Arts D\u00e9coratifs et en S\u00e9rigraphie\u00a0 Sainte- Marie Bruxelles. Peintre et sculptrice elle d\u00e9montre une cr\u00e9ativit\u00e9 sans limite. Elle utilise la\u00a0 peinture acrylique pour ses toiles. Elle dessine et r\u00e9alise ses maquettes\u00a0 en carton. Ses sculptures en acier sont d\u00e9coup\u00e9es au laser. Finition Corten ou en acier thermolaqu\u00e9. Elle a partag\u00e9 sa vie entre la Belgique et l&rsquo;Afrique de 1983 \u00e0\u00a0 \u00a01999 o\u00f9 elle a enseigne le dessin, de nombreuses expos en RDCongo Lubumbashi, Kinshasa et en C\u00f4te d&rsquo;Ivoire, Abidjan.<\/p>\n<p>En 2000 elle s&rsquo; installe en Belgique, ouvre son \u00ab\u00a0Atelier-Galerie\u00a0\u00bb et expose r\u00e9guli\u00e8rement, Bruxelles, Anvers, Knokke etc.. Bien connue du grand public, plusieurs de ses oeuvres ont \u00e9t\u00e9 acquises par des collectionneurs priv\u00e9s et par des collections publiques belges dont:<\/p>\n<p>2012- Collection d\u2019Art \u00ab\u00a0BELFIUS\u00a0\u00bb<br \/>\n2011- Collection d\u2019Art \u00ab\u00a0Minist\u00e8re des Affaires Etrang\u00e8res\u00a0\u00bb<br \/>\n2010- Collection d\u2019Art \u00ab\u00a0AXA Belgium\u00a0\u00bb<br \/>\n2001- Collection du \u00ab\u00a0Mus\u00e9e d&rsquo;Art Contemporain de l&rsquo;ULB\u00a0\u00bb<\/p>\n<p><strong>La couleur triomphante<br \/>\n<\/strong>\u00ab L&rsquo;oeuvre de Rose Marie Warz\u00e9e est toute en \u00e9motion, en perception directe avec l\u2019essence chromatique et graphique de son environnement et de sa sensibilit\u00e9. De sa formation artistique elle a engrang\u00e9 de nombreuses techniques et une connaissance de l&rsquo;histoire de l&rsquo;art. Son temp\u00e9rament ne l&rsquo;engage pas \u00e0 vouloir repr\u00e9senter les sentiers de l&rsquo;art exp\u00e9rimental ou social, mais \u00e0 exprimer au plus juste de ses sensations l&rsquo;harmonie du monde qui l&rsquo;entoure.\u00a0\u00bb<br \/>\n<em>Wim Toebosch, critique d&rsquo;art<\/em><\/p>\n<p><strong>Quand acier rime avec l\u00e9g\u00e8ret\u00e9<br \/>\n<\/strong>\u00ab Dans son travail de sculpteur, le cercle est encore bien pr\u00e9sent ; la rigueur de la forme s&rsquo;impose l\u00e0 encore. Dans un souci d&rsquo;\u00e9puration ultime, l&rsquo;artiste superpose des plaques d&rsquo;Acier Corten d\u00e9coup\u00e9es, enfil\u00e9es sur un axe central dont il est solidaire, chaque \u00e9l\u00e9ment reste mobile.<br \/>\nDe rigide, l&rsquo;oeuvre se fait sensible, tournoyante, a\u00e9rienne au point que l&rsquo;on en oublie le socle et la tige qui retiennent l&rsquo;ensemble. Une grande puret\u00e9 habite ces sculptures que le propri\u00e9taire peut infl\u00e9chir \u00e0 souhait. De spectateur, l&rsquo;artiste nous fait acteur et donc cr\u00e9ateur auxiliaire.\u00a0\u00bb\u00a0<em>Louis Richardeau, critique d&rsquo;art<\/em><\/p>\n<p class=\"ecxMsoNormal\"><strong>Quand acier rime avec f\u00e9minit\u00e9<br \/>\n<\/strong>\u00ab\u00a0Nana colorful\u00a0\u00bb est d\u00e9coup\u00e9e dans l\u2019acier et thermolaqu\u00e9e, forme \u00e9pur\u00e9e, \u00e9vocatrice d\u2019une \u00e9l\u00e9gante silhouette sans visage.<\/p>\n","protected":false},"excerpt":{"rendered":"<p>\u00a0Rose Marie Warz\u00e9e Artiste plasticienne belge 1959\u00b0 dipl\u00f4m\u00e9e en Arts D\u00e9coratifs et en S\u00e9rigraphie\u00a0 Sainte- Marie Bruxelles. Peintre et sculptrice elle d\u00e9montre une cr\u00e9ativit\u00e9 sans limite. Elle utilise la\u00a0 peinture acrylique pour ses toiles. Elle dessine et r\u00e9alise ses maquettes\u00a0 en carton. Ses sculptures en acier sont d\u00e9coup\u00e9es au laser. Finition Corten ou en acier &hellip; <\/p>\n<p class=\"link-more\"><a href=\"https:\/\/www.rosemariewarzee.be\/new\/?page_id=6\" class=\"more-link\">Continuer la lecture<span class=\"screen-reader-text\"> de &laquo;&nbsp;Biographie&nbsp;&raquo;<\/span><\/a><\/p>\n","protected":false},"author":1,"featured_media":0,"parent":0,"menu_order":1,"comment_status":"closed","ping_status":"closed","template":"","meta":{"footnotes":""},"class_list":["post-6","page","type-page","status-publish","hentry"],"jetpack_sharing_enabled":true,"_links":{"self":[{"href":"https:\/\/www.rosemariewarzee.be\/new\/index.php?rest_route=\/wp\/v2\/pages\/6","targetHints":{"allow":["GET"]}}],"collection":[{"href":"https:\/\/www.rosemariewarzee.be\/new\/index.php?rest_route=\/wp\/v2\/pages"}],"about":[{"href":"https:\/\/www.rosemariewarzee.be\/new\/index.php?rest_route=\/wp\/v2\/types\/page"}],"author":[{"embeddable":true,"href":"https:\/\/www.rosemariewarzee.be\/new\/index.php?rest_route=\/wp\/v2\/users\/1"}],"replies":[{"embeddable":true,"href":"https:\/\/www.rosemariewarzee.be\/new\/index.php?rest_route=%2Fwp%2Fv2%2Fcomments&post=6"}],"version-history":[{"count":201,"href":"https:\/\/www.rosemariewarzee.be\/new\/index.php?rest_route=\/wp\/v2\/pages\/6\/revisions"}],"predecessor-version":[{"id":2956,"href":"https:\/\/www.rosemariewarzee.be\/new\/index.php?rest_route=\/wp\/v2\/pages\/6\/revisions\/2956"}],"wp:attachment":[{"href":"https:\/\/www.rosemariewarzee.be\/new\/index.php?rest_route=%2Fwp%2Fv2%2Fmedia&parent=6"}],"curies":[{"name":"wp","href":"https:\/\/api.w.org\/{rel}","templated":true}]}}